{"id":35,"date":"2025-07-06T10:39:19","date_gmt":"2025-07-06T10:39:19","guid":{"rendered":"https:\/\/relaunch.altstadt-apotheke-kiel.de\/?page_id=35"},"modified":"2025-07-06T10:46:10","modified_gmt":"2025-07-06T10:46:10","slug":"ihre-apotheke-in-kiel-2-3","status":"publish","type":"page","link":"https:\/\/relaunch.altstadt-apotheke-kiel.de\/?page_id=35","title":{"rendered":"Angebote"},"content":{"rendered":"\n<figure class=\"wp-block-image size-full\"><img loading=\"lazy\" decoding=\"async\" width=\"1000\" height=\"350\" src=\"https:\/\/relaunch.altstadt-apotheke-kiel.de\/wp-content\/uploads\/2025\/07\/angebote.jpg\" alt=\"\" class=\"wp-image-36\" srcset=\"https:\/\/relaunch.altstadt-apotheke-kiel.de\/wp-content\/uploads\/2025\/07\/angebote.jpg 1000w, https:\/\/relaunch.altstadt-apotheke-kiel.de\/wp-content\/uploads\/2025\/07\/angebote-300x105.jpg 300w, https:\/\/relaunch.altstadt-apotheke-kiel.de\/wp-content\/uploads\/2025\/07\/angebote-768x269.jpg 768w, https:\/\/relaunch.altstadt-apotheke-kiel.de\/wp-content\/uploads\/2025\/07\/angebote-230x81.jpg 230w, https:\/\/relaunch.altstadt-apotheke-kiel.de\/wp-content\/uploads\/2025\/07\/angebote-350x123.jpg 350w, https:\/\/relaunch.altstadt-apotheke-kiel.de\/wp-content\/uploads\/2025\/07\/angebote-480x168.jpg 480w\" sizes=\"auto, (max-width: 1000px) 100vw, 1000px\" \/><\/figure>\n\n\n\n<h5 class=\"wp-block-heading\">| F\u00fcr die Sch\u00f6nheit Ihrer Haut |<\/h5>\n\n\n\n<p>Natur, Wirksamkeit, Sinnlichkeit &#8211; auf diese 3 Werte setzt die Firma NUXE bei der Komposition ihrer Produkte. Wir freuen uns, Ihnen mit NUXE in der ALTSTADT APOTHEKE KIEL eine erstklassige Naturkosmetikserie anbieten zu k\u00f6nnen &#8211; neben einer ausgezeichneten Vertr\u00e4glichkeit ist die Kosmetik von Nuxe durch ihre verlockenden D\u00fcfte auch stets ein besonderer Genu\u00df f\u00fcr die Sinne.<\/p>\n\n\n\n<p><a href=\"http:\/\/de.nuxe.com\/\" target=\"_blank\" rel=\"noreferrer noopener\">Weitere Informationen zu NUXE<\/a><\/p>\n\n\n\n<h5 class=\"wp-block-heading\">| Unser umfangreiches Vichy-Sortiment\u00a0|<\/h5>\n\n\n\n<p>k\u00f6nnen wir Ihnen zu interessanten Rabatt-Konditionen anbieten !<\/p>\n\n\n\n<p><a href=\"https:\/\/www.vichy.de\" target=\"_blank\" rel=\"noreferrer noopener\">zur VICHI Website<\/a><\/p>\n\n\n\n<h5 class=\"wp-block-heading\">|&nbsp;F\u00fcr die empfindliche Haut&nbsp;|<\/h5>\n\n\n\n<p>Speziell f\u00fcr die empfindliche Haut empfehlen wir gern die Produkte von La Roche-Posay.<\/p>\n\n\n\n<p><a href=\"http:\/\/www.larocheposay.de\/\" target=\"_blank\" rel=\"noreferrer noopener\">zur Website LaRoche Posay<\/a><\/p>\n\n\n\n<h5 class=\"wp-block-heading\">|&nbsp;Das Mineralien-Wunder aus dem&nbsp;Toten Meer&nbsp;|<\/h5>\n\n\n\n<p>Die au\u00dfergew\u00f6hnlichen Inhaltsstoffe aus dem Toten Meer zeichnen diese Produkte aus.<\/p>\n\n\n\n<p>Ein Erlebnis f\u00fcr die Sinne !<\/p>\n\n\n\n<p><a href=\"https:\/\/www.dermasel.de\/\" target=\"_blank\" rel=\"noreferrer noopener\">zur Website Dermasel<\/a><\/p>\n\n\n\n<p><\/p>\n","protected":false},"excerpt":{"rendered":"<p>| F\u00fcr die Sch\u00f6nheit Ihrer Haut | Natur, Wirksamkeit, Sinnlichkeit &#8211; auf diese 3 Werte setzt die Firma NUXE bei der Komposition [&hellip;]<\/p>\n","protected":false},"author":1,"featured_media":0,"parent":0,"menu_order":0,"comment_status":"closed","ping_status":"closed","template":"","meta":{"footnotes":""},"class_list":["post-35","page","type-page","status-publish","hentry"],"yoast_head":"<!-- This site is optimized with the Yoast SEO plugin v25.4 - https:\/\/yoast.com\/wordpress\/plugins\/seo\/ -->\n<title>Angebote - Altstadt Apotheke Kiel<\/title>\n<meta name=\"robots\" content=\"index, follow, max-snippet:-1, max-image-preview:large, max-video-preview:-1\" \/>\n<link rel=\"canonical\" href=\"https:\/\/relaunch.altstadt-apotheke-kiel.de\/?page_id=35\" \/>\n<meta property=\"og:locale\" content=\"de_DE\" \/>\n<meta property=\"og:type\" content=\"article\" \/>\n<meta property=\"og:title\" content=\"Angebote - Altstadt Apotheke Kiel\" \/>\n<meta property=\"og:description\" content=\"| F\u00fcr die Sch\u00f6nheit Ihrer Haut | Natur, Wirksamkeit, Sinnlichkeit &#8211; auf diese 3 Werte setzt die Firma NUXE bei der Komposition [&hellip;]\" \/>\n<meta property=\"og:url\" content=\"https:\/\/relaunch.altstadt-apotheke-kiel.de\/?page_id=35\" \/>\n<meta property=\"og:site_name\" content=\"Altstadt Apotheke Kiel\" \/>\n<meta property=\"article:modified_time\" content=\"2025-07-06T10:46:10+00:00\" \/>\n<meta property=\"og:image\" content=\"https:\/\/relaunch.altstadt-apotheke-kiel.de\/wp-content\/uploads\/2025\/07\/angebote.jpg\" \/>\n\t<meta property=\"og:image:width\" content=\"1000\" \/>\n\t<meta property=\"og:image:height\" content=\"350\" \/>\n\t<meta property=\"og:image:type\" content=\"image\/jpeg\" \/>\n<meta name=\"twitter:card\" content=\"summary_large_image\" \/>\n<meta name=\"twitter:label1\" content=\"Gesch\u00e4tzte Lesezeit\" \/>\n\t<meta name=\"twitter:data1\" content=\"1\u00a0Minute\" \/>\n<script type=\"application\/ld+json\" class=\"yoast-schema-graph\">{\"@context\":\"https:\/\/schema.org\",\"@graph\":[{\"@type\":\"WebPage\",\"@id\":\"https:\/\/relaunch.altstadt-apotheke-kiel.de\/?page_id=35\",\"url\":\"https:\/\/relaunch.altstadt-apotheke-kiel.de\/?page_id=35\",\"name\":\"Angebote - Altstadt Apotheke Kiel\",\"isPartOf\":{\"@id\":\"https:\/\/relaunch.altstadt-apotheke-kiel.de\/#website\"},\"primaryImageOfPage\":{\"@id\":\"https:\/\/relaunch.altstadt-apotheke-kiel.de\/?page_id=35#primaryimage\"},\"image\":{\"@id\":\"https:\/\/relaunch.altstadt-apotheke-kiel.de\/?page_id=35#primaryimage\"},\"thumbnailUrl\":\"https:\/\/relaunch.altstadt-apotheke-kiel.de\/wp-content\/uploads\/2025\/07\/angebote.jpg\",\"datePublished\":\"2025-07-06T10:39:19+00:00\",\"dateModified\":\"2025-07-06T10:46:10+00:00\",\"breadcrumb\":{\"@id\":\"https:\/\/relaunch.altstadt-apotheke-kiel.de\/?page_id=35#breadcrumb\"},\"inLanguage\":\"de\",\"potentialAction\":[{\"@type\":\"ReadAction\",\"target\":[\"https:\/\/relaunch.altstadt-apotheke-kiel.de\/?page_id=35\"]}]},{\"@type\":\"ImageObject\",\"inLanguage\":\"de\",\"@id\":\"https:\/\/relaunch.altstadt-apotheke-kiel.de\/?page_id=35#primaryimage\",\"url\":\"https:\/\/relaunch.altstadt-apotheke-kiel.de\/wp-content\/uploads\/2025\/07\/angebote.jpg\",\"contentUrl\":\"https:\/\/relaunch.altstadt-apotheke-kiel.de\/wp-content\/uploads\/2025\/07\/angebote.jpg\",\"width\":1000,\"height\":350},{\"@type\":\"BreadcrumbList\",\"@id\":\"https:\/\/relaunch.altstadt-apotheke-kiel.de\/?page_id=35#breadcrumb\",\"itemListElement\":[{\"@type\":\"ListItem\",\"position\":1,\"name\":\"Startseite\",\"item\":\"https:\/\/relaunch.altstadt-apotheke-kiel.de\/\"},{\"@type\":\"ListItem\",\"position\":2,\"name\":\"Angebote\"}]},{\"@type\":\"WebSite\",\"@id\":\"https:\/\/relaunch.altstadt-apotheke-kiel.de\/#website\",\"url\":\"https:\/\/relaunch.altstadt-apotheke-kiel.de\/\",\"name\":\"Altstadt Apotheke Kiel\",\"description\":\"\",\"potentialAction\":[{\"@type\":\"SearchAction\",\"target\":{\"@type\":\"EntryPoint\",\"urlTemplate\":\"https:\/\/relaunch.altstadt-apotheke-kiel.de\/?s={search_term_string}\"},\"query-input\":{\"@type\":\"PropertyValueSpecification\",\"valueRequired\":true,\"valueName\":\"search_term_string\"}}],\"inLanguage\":\"de\"}]}<\/script>\n<!-- \/ Yoast SEO plugin. -->","yoast_head_json":{"title":"Angebote - Altstadt Apotheke Kiel","robots":{"index":"index","follow":"follow","max-snippet":"max-snippet:-1","max-image-preview":"max-image-preview:large","max-video-preview":"max-video-preview:-1"},"canonical":"https:\/\/relaunch.altstadt-apotheke-kiel.de\/?page_id=35","og_locale":"de_DE","og_type":"article","og_title":"Angebote - Altstadt Apotheke Kiel","og_description":"| F\u00fcr die Sch\u00f6nheit Ihrer Haut | Natur, Wirksamkeit, Sinnlichkeit &#8211; auf diese 3 Werte setzt die Firma NUXE bei der Komposition [&hellip;]","og_url":"https:\/\/relaunch.altstadt-apotheke-kiel.de\/?page_id=35","og_site_name":"Altstadt Apotheke Kiel","article_modified_time":"2025-07-06T10:46:10+00:00","og_image":[{"width":1000,"height":350,"url":"https:\/\/relaunch.altstadt-apotheke-kiel.de\/wp-content\/uploads\/2025\/07\/angebote.jpg","type":"image\/jpeg"}],"twitter_card":"summary_large_image","twitter_misc":{"Gesch\u00e4tzte Lesezeit":"1\u00a0Minute"},"schema":{"@context":"https:\/\/schema.org","@graph":[{"@type":"WebPage","@id":"https:\/\/relaunch.altstadt-apotheke-kiel.de\/?page_id=35","url":"https:\/\/relaunch.altstadt-apotheke-kiel.de\/?page_id=35","name":"Angebote - Altstadt Apotheke Kiel","isPartOf":{"@id":"https:\/\/relaunch.altstadt-apotheke-kiel.de\/#website"},"primaryImageOfPage":{"@id":"https:\/\/relaunch.altstadt-apotheke-kiel.de\/?page_id=35#primaryimage"},"image":{"@id":"https:\/\/relaunch.altstadt-apotheke-kiel.de\/?page_id=35#primaryimage"},"thumbnailUrl":"https:\/\/relaunch.altstadt-apotheke-kiel.de\/wp-content\/uploads\/2025\/07\/angebote.jpg","datePublished":"2025-07-06T10:39:19+00:00","dateModified":"2025-07-06T10:46:10+00:00","breadcrumb":{"@id":"https:\/\/relaunch.altstadt-apotheke-kiel.de\/?page_id=35#breadcrumb"},"inLanguage":"de","potentialAction":[{"@type":"ReadAction","target":["https:\/\/relaunch.altstadt-apotheke-kiel.de\/?page_id=35"]}]},{"@type":"ImageObject","inLanguage":"de","@id":"https:\/\/relaunch.altstadt-apotheke-kiel.de\/?page_id=35#primaryimage","url":"https:\/\/relaunch.altstadt-apotheke-kiel.de\/wp-content\/uploads\/2025\/07\/angebote.jpg","contentUrl":"https:\/\/relaunch.altstadt-apotheke-kiel.de\/wp-content\/uploads\/2025\/07\/angebote.jpg","width":1000,"height":350},{"@type":"BreadcrumbList","@id":"https:\/\/relaunch.altstadt-apotheke-kiel.de\/?page_id=35#breadcrumb","itemListElement":[{"@type":"ListItem","position":1,"name":"Startseite","item":"https:\/\/relaunch.altstadt-apotheke-kiel.de\/"},{"@type":"ListItem","position":2,"name":"Angebote"}]},{"@type":"WebSite","@id":"https:\/\/relaunch.altstadt-apotheke-kiel.de\/#website","url":"https:\/\/relaunch.altstadt-apotheke-kiel.de\/","name":"Altstadt Apotheke Kiel","description":"","potentialAction":[{"@type":"SearchAction","target":{"@type":"EntryPoint","urlTemplate":"https:\/\/relaunch.altstadt-apotheke-kiel.de\/?s={search_term_string}"},"query-input":{"@type":"PropertyValueSpecification","valueRequired":true,"valueName":"search_term_string"}}],"inLanguage":"de"}]}},"_links":{"self":[{"href":"https:\/\/relaunch.altstadt-apotheke-kiel.de\/index.php?rest_route=\/wp\/v2\/pages\/35","targetHints":{"allow":["GET"]}}],"collection":[{"href":"https:\/\/relaunch.altstadt-apotheke-kiel.de\/index.php?rest_route=\/wp\/v2\/pages"}],"about":[{"href":"https:\/\/relaunch.altstadt-apotheke-kiel.de\/index.php?rest_route=\/wp\/v2\/types\/page"}],"author":[{"embeddable":true,"href":"https:\/\/relaunch.altstadt-apotheke-kiel.de\/index.php?rest_route=\/wp\/v2\/users\/1"}],"replies":[{"embeddable":true,"href":"https:\/\/relaunch.altstadt-apotheke-kiel.de\/index.php?rest_route=%2Fwp%2Fv2%2Fcomments&post=35"}],"version-history":[{"count":2,"href":"https:\/\/relaunch.altstadt-apotheke-kiel.de\/index.php?rest_route=\/wp\/v2\/pages\/35\/revisions"}],"predecessor-version":[{"id":44,"href":"https:\/\/relaunch.altstadt-apotheke-kiel.de\/index.php?rest_route=\/wp\/v2\/pages\/35\/revisions\/44"}],"wp:attachment":[{"href":"https:\/\/relaunch.altstadt-apotheke-kiel.de\/index.php?rest_route=%2Fwp%2Fv2%2Fmedia&parent=35"}],"curies":[{"name":"wp","href":"https:\/\/api.w.org\/{rel}","templated":true}]}}