{"id":27,"date":"2025-07-06T10:14:13","date_gmt":"2025-07-06T10:14:13","guid":{"rendered":"https:\/\/relaunch.altstadt-apotheke-kiel.de\/?page_id=27"},"modified":"2025-07-06T10:18:44","modified_gmt":"2025-07-06T10:18:44","slug":"ihre-apotheke-in-kiel-2-2-2","status":"publish","type":"page","link":"https:\/\/relaunch.altstadt-apotheke-kiel.de\/?page_id=27","title":{"rendered":"Heimversorgung"},"content":{"rendered":"\n<h5 class=\"wp-block-heading\"><\/h5>\n\n\n\n<h5 class=\"wp-block-heading\">| Erfahrung, die Vertrauen schafft |<\/h5>\n\n\n\n<p>Seit ihrer Gr\u00fcndung im Jahr 1991 ist die ALTSTADT APOTHEKE KIEL ein zuverl\u00e4ssiger und kompetenter Kooperationspartner von Institutionen der medizinischen Versorgung sowie von Senioren- und Pflegeheimen in Kiel und Umgebung.<\/p>\n\n\n\n<div class=\"wp-block-media-text is-stacked-on-mobile\"><figure class=\"wp-block-media-text__media\"><img loading=\"lazy\" decoding=\"async\" width=\"448\" height=\"350\" src=\"https:\/\/relaunch.altstadt-apotheke-kiel.de\/wp-content\/uploads\/2025\/07\/medi.jpg\" alt=\"\" class=\"wp-image-28 size-full\" srcset=\"https:\/\/relaunch.altstadt-apotheke-kiel.de\/wp-content\/uploads\/2025\/07\/medi.jpg 448w, https:\/\/relaunch.altstadt-apotheke-kiel.de\/wp-content\/uploads\/2025\/07\/medi-300x234.jpg 300w, https:\/\/relaunch.altstadt-apotheke-kiel.de\/wp-content\/uploads\/2025\/07\/medi-230x180.jpg 230w, https:\/\/relaunch.altstadt-apotheke-kiel.de\/wp-content\/uploads\/2025\/07\/medi-350x273.jpg 350w\" sizes=\"auto, (max-width: 448px) 100vw, 448px\" \/><\/figure><div class=\"wp-block-media-text__content\">\n<p>\u00dcber die Jahre hat sich diese Zusammenarbeit stets intensiviert und weiterentwickelt.<\/p>\n\n\n\n<p>Unter Heimversorgung verstehen wir mehr als nur die reine Anlieferung von Medikamenten &#8211; \u00a0f\u00fcr die von uns betreuten Wohn- und Pflegeheime \u00fcbernehmen wir auch die Bereitstellung der Medikamente, das sogenannte &#8222;Stellen&#8220;. Unser pharmazeutisches Fachpersonal bef\u00fcllt\u00a0die\u00a0Wochendispenser nach Vorgabe des\u00a0Medikamentenplans und \u00fcberpr\u00fcft die Medikation auf Wechselwirkungen &#8211; ein &#8222;Plus&#8220; f\u00fcr die Bewohner und eine deutliche Entlastung f\u00fcr Ihr\u00a0Pflegepersonal!<\/p>\n<\/div><\/div>\n\n\n\n<p><\/p>\n\n\n\n<p>Desweiteren f\u00fchren wir f\u00fcr unsere Partner das gesamte &#8218;Rezeptmanagement&#8216; durch &#8211; die f\u00fcr eine kontinuierliche pharmazeutische Versorgung der Bewohner erforderlichen Rezepte sowohl f\u00fcr die Dauer- als auch f\u00fcr die Bewohner und eine deutliche Entlastung f\u00fcr Ihr&nbsp;Pflegepersonal!<\/p>\n\n\n\n<p>Desweiteren f\u00fchren wir f\u00fcr unsere Partner das gesamte &#8218;Rezeptmanagement&#8216; durch &#8211; die f\u00fcr eine kontinuierliche pharmazeutische Versorgung der Bewohner erforderlichen Rezepte sowohl f\u00fcr die Dauer- als auch f\u00fcr die Bedarfsmedikation werden von uns rechtzeitig bei den behandelnden \u00c4rzten beantragt.&nbsp;<\/p>\n\n\n\n<p>F\u00fcr den Notfall&nbsp;bietet die ALTSTADT APOTHEKE KIEL&nbsp;ihren Partnern eine 24h&nbsp;Rufbereitschaft!<\/p>\n\n\n\n<p>Schulungen rund um das Thema &#8222;Pharmazie und Pflege&#8220; f\u00fcr die MitarbeiterInnen der Pflegestationen runden unser Servicepaket f\u00fcr unsere Kooperationspartner ab.<\/p>\n\n\n\n<p>Durch unseren Botendienst k\u00f6nnen sich Ihre Bewohner bequem und kurzfristig Artikel unseres Randsortimentes anliefern lassen &#8211; bei Bedarf fahren wir die von uns betreuten Heime t\u00e4glich an. Selbstverst\u00e4ndlich gew\u00e4hren wir&nbsp;allen Bewohnern die Einkaufsvorteile im Rahmen unserer Kundenkarte. Bequem und \u00fcbersichtlich: die Arzneimittelabrechnung erfolgt monatlich und kann per \u00dcberweisung beglichen werden.&nbsp;<\/p>\n\n\n\n<p>D\u00fcrfen wir auch Ihnen unser\u00a0 Konzept zur Heimbetreuung einmal pers\u00f6nlich und umfassend vorstellen?\u00a0Wir w\u00fcrden uns\u00a0\u00fcber Ihr Interesse sehr freuen!<\/p>\n\n\n\n<p><strong>Tel.: 0431 \/  978159<\/strong><\/p>\n\n\n\n<p><\/p>\n\n\n\n<p><\/p>\n","protected":false},"excerpt":{"rendered":"<p>| Erfahrung, die Vertrauen schafft | Seit ihrer Gr\u00fcndung im Jahr 1991 ist die ALTSTADT APOTHEKE KIEL ein zuverl\u00e4ssiger und kompetenter Kooperationspartner [&hellip;]<\/p>\n","protected":false},"author":1,"featured_media":0,"parent":0,"menu_order":0,"comment_status":"closed","ping_status":"closed","template":"","meta":{"footnotes":""},"class_list":["post-27","page","type-page","status-publish","hentry"],"yoast_head":"<!-- This site is optimized with the Yoast SEO plugin v25.4 - https:\/\/yoast.com\/wordpress\/plugins\/seo\/ -->\n<title>Heimversorgung - Altstadt Apotheke Kiel<\/title>\n<meta name=\"robots\" content=\"index, follow, max-snippet:-1, max-image-preview:large, max-video-preview:-1\" \/>\n<link rel=\"canonical\" href=\"https:\/\/relaunch.altstadt-apotheke-kiel.de\/?page_id=27\" \/>\n<meta property=\"og:locale\" content=\"de_DE\" \/>\n<meta property=\"og:type\" content=\"article\" \/>\n<meta property=\"og:title\" content=\"Heimversorgung - Altstadt Apotheke Kiel\" \/>\n<meta property=\"og:description\" content=\"| Erfahrung, die Vertrauen schafft | Seit ihrer Gr\u00fcndung im Jahr 1991 ist die ALTSTADT APOTHEKE KIEL ein zuverl\u00e4ssiger und kompetenter Kooperationspartner [&hellip;]\" \/>\n<meta property=\"og:url\" content=\"https:\/\/relaunch.altstadt-apotheke-kiel.de\/?page_id=27\" \/>\n<meta property=\"og:site_name\" content=\"Altstadt Apotheke Kiel\" \/>\n<meta property=\"article:modified_time\" content=\"2025-07-06T10:18:44+00:00\" \/>\n<meta property=\"og:image\" content=\"https:\/\/relaunch.altstadt-apotheke-kiel.de\/wp-content\/uploads\/2025\/07\/medi.jpg\" \/>\n\t<meta property=\"og:image:width\" content=\"448\" \/>\n\t<meta property=\"og:image:height\" content=\"350\" \/>\n\t<meta property=\"og:image:type\" content=\"image\/jpeg\" \/>\n<meta name=\"twitter:card\" content=\"summary_large_image\" \/>\n<meta name=\"twitter:label1\" content=\"Gesch\u00e4tzte Lesezeit\" \/>\n\t<meta name=\"twitter:data1\" content=\"2\u00a0Minuten\" \/>\n<script type=\"application\/ld+json\" class=\"yoast-schema-graph\">{\"@context\":\"https:\/\/schema.org\",\"@graph\":[{\"@type\":\"WebPage\",\"@id\":\"https:\/\/relaunch.altstadt-apotheke-kiel.de\/?page_id=27\",\"url\":\"https:\/\/relaunch.altstadt-apotheke-kiel.de\/?page_id=27\",\"name\":\"Heimversorgung - Altstadt Apotheke Kiel\",\"isPartOf\":{\"@id\":\"https:\/\/relaunch.altstadt-apotheke-kiel.de\/#website\"},\"primaryImageOfPage\":{\"@id\":\"https:\/\/relaunch.altstadt-apotheke-kiel.de\/?page_id=27#primaryimage\"},\"image\":{\"@id\":\"https:\/\/relaunch.altstadt-apotheke-kiel.de\/?page_id=27#primaryimage\"},\"thumbnailUrl\":\"https:\/\/relaunch.altstadt-apotheke-kiel.de\/wp-content\/uploads\/2025\/07\/medi.jpg\",\"datePublished\":\"2025-07-06T10:14:13+00:00\",\"dateModified\":\"2025-07-06T10:18:44+00:00\",\"breadcrumb\":{\"@id\":\"https:\/\/relaunch.altstadt-apotheke-kiel.de\/?page_id=27#breadcrumb\"},\"inLanguage\":\"de\",\"potentialAction\":[{\"@type\":\"ReadAction\",\"target\":[\"https:\/\/relaunch.altstadt-apotheke-kiel.de\/?page_id=27\"]}]},{\"@type\":\"ImageObject\",\"inLanguage\":\"de\",\"@id\":\"https:\/\/relaunch.altstadt-apotheke-kiel.de\/?page_id=27#primaryimage\",\"url\":\"https:\/\/relaunch.altstadt-apotheke-kiel.de\/wp-content\/uploads\/2025\/07\/medi.jpg\",\"contentUrl\":\"https:\/\/relaunch.altstadt-apotheke-kiel.de\/wp-content\/uploads\/2025\/07\/medi.jpg\",\"width\":448,\"height\":350},{\"@type\":\"BreadcrumbList\",\"@id\":\"https:\/\/relaunch.altstadt-apotheke-kiel.de\/?page_id=27#breadcrumb\",\"itemListElement\":[{\"@type\":\"ListItem\",\"position\":1,\"name\":\"Startseite\",\"item\":\"https:\/\/relaunch.altstadt-apotheke-kiel.de\/\"},{\"@type\":\"ListItem\",\"position\":2,\"name\":\"Heimversorgung\"}]},{\"@type\":\"WebSite\",\"@id\":\"https:\/\/relaunch.altstadt-apotheke-kiel.de\/#website\",\"url\":\"https:\/\/relaunch.altstadt-apotheke-kiel.de\/\",\"name\":\"Altstadt Apotheke Kiel\",\"description\":\"\",\"potentialAction\":[{\"@type\":\"SearchAction\",\"target\":{\"@type\":\"EntryPoint\",\"urlTemplate\":\"https:\/\/relaunch.altstadt-apotheke-kiel.de\/?s={search_term_string}\"},\"query-input\":{\"@type\":\"PropertyValueSpecification\",\"valueRequired\":true,\"valueName\":\"search_term_string\"}}],\"inLanguage\":\"de\"}]}<\/script>\n<!-- \/ Yoast SEO plugin. -->","yoast_head_json":{"title":"Heimversorgung - Altstadt Apotheke Kiel","robots":{"index":"index","follow":"follow","max-snippet":"max-snippet:-1","max-image-preview":"max-image-preview:large","max-video-preview":"max-video-preview:-1"},"canonical":"https:\/\/relaunch.altstadt-apotheke-kiel.de\/?page_id=27","og_locale":"de_DE","og_type":"article","og_title":"Heimversorgung - Altstadt Apotheke Kiel","og_description":"| Erfahrung, die Vertrauen schafft | Seit ihrer Gr\u00fcndung im Jahr 1991 ist die ALTSTADT APOTHEKE KIEL ein zuverl\u00e4ssiger und kompetenter Kooperationspartner [&hellip;]","og_url":"https:\/\/relaunch.altstadt-apotheke-kiel.de\/?page_id=27","og_site_name":"Altstadt Apotheke Kiel","article_modified_time":"2025-07-06T10:18:44+00:00","og_image":[{"width":448,"height":350,"url":"https:\/\/relaunch.altstadt-apotheke-kiel.de\/wp-content\/uploads\/2025\/07\/medi.jpg","type":"image\/jpeg"}],"twitter_card":"summary_large_image","twitter_misc":{"Gesch\u00e4tzte Lesezeit":"2\u00a0Minuten"},"schema":{"@context":"https:\/\/schema.org","@graph":[{"@type":"WebPage","@id":"https:\/\/relaunch.altstadt-apotheke-kiel.de\/?page_id=27","url":"https:\/\/relaunch.altstadt-apotheke-kiel.de\/?page_id=27","name":"Heimversorgung - Altstadt Apotheke Kiel","isPartOf":{"@id":"https:\/\/relaunch.altstadt-apotheke-kiel.de\/#website"},"primaryImageOfPage":{"@id":"https:\/\/relaunch.altstadt-apotheke-kiel.de\/?page_id=27#primaryimage"},"image":{"@id":"https:\/\/relaunch.altstadt-apotheke-kiel.de\/?page_id=27#primaryimage"},"thumbnailUrl":"https:\/\/relaunch.altstadt-apotheke-kiel.de\/wp-content\/uploads\/2025\/07\/medi.jpg","datePublished":"2025-07-06T10:14:13+00:00","dateModified":"2025-07-06T10:18:44+00:00","breadcrumb":{"@id":"https:\/\/relaunch.altstadt-apotheke-kiel.de\/?page_id=27#breadcrumb"},"inLanguage":"de","potentialAction":[{"@type":"ReadAction","target":["https:\/\/relaunch.altstadt-apotheke-kiel.de\/?page_id=27"]}]},{"@type":"ImageObject","inLanguage":"de","@id":"https:\/\/relaunch.altstadt-apotheke-kiel.de\/?page_id=27#primaryimage","url":"https:\/\/relaunch.altstadt-apotheke-kiel.de\/wp-content\/uploads\/2025\/07\/medi.jpg","contentUrl":"https:\/\/relaunch.altstadt-apotheke-kiel.de\/wp-content\/uploads\/2025\/07\/medi.jpg","width":448,"height":350},{"@type":"BreadcrumbList","@id":"https:\/\/relaunch.altstadt-apotheke-kiel.de\/?page_id=27#breadcrumb","itemListElement":[{"@type":"ListItem","position":1,"name":"Startseite","item":"https:\/\/relaunch.altstadt-apotheke-kiel.de\/"},{"@type":"ListItem","position":2,"name":"Heimversorgung"}]},{"@type":"WebSite","@id":"https:\/\/relaunch.altstadt-apotheke-kiel.de\/#website","url":"https:\/\/relaunch.altstadt-apotheke-kiel.de\/","name":"Altstadt Apotheke Kiel","description":"","potentialAction":[{"@type":"SearchAction","target":{"@type":"EntryPoint","urlTemplate":"https:\/\/relaunch.altstadt-apotheke-kiel.de\/?s={search_term_string}"},"query-input":{"@type":"PropertyValueSpecification","valueRequired":true,"valueName":"search_term_string"}}],"inLanguage":"de"}]}},"_links":{"self":[{"href":"https:\/\/relaunch.altstadt-apotheke-kiel.de\/index.php?rest_route=\/wp\/v2\/pages\/27","targetHints":{"allow":["GET"]}}],"collection":[{"href":"https:\/\/relaunch.altstadt-apotheke-kiel.de\/index.php?rest_route=\/wp\/v2\/pages"}],"about":[{"href":"https:\/\/relaunch.altstadt-apotheke-kiel.de\/index.php?rest_route=\/wp\/v2\/types\/page"}],"author":[{"embeddable":true,"href":"https:\/\/relaunch.altstadt-apotheke-kiel.de\/index.php?rest_route=\/wp\/v2\/users\/1"}],"replies":[{"embeddable":true,"href":"https:\/\/relaunch.altstadt-apotheke-kiel.de\/index.php?rest_route=%2Fwp%2Fv2%2Fcomments&post=27"}],"version-history":[{"count":2,"href":"https:\/\/relaunch.altstadt-apotheke-kiel.de\/index.php?rest_route=\/wp\/v2\/pages\/27\/revisions"}],"predecessor-version":[{"id":31,"href":"https:\/\/relaunch.altstadt-apotheke-kiel.de\/index.php?rest_route=\/wp\/v2\/pages\/27\/revisions\/31"}],"wp:attachment":[{"href":"https:\/\/relaunch.altstadt-apotheke-kiel.de\/index.php?rest_route=%2Fwp%2Fv2%2Fmedia&parent=27"}],"curies":[{"name":"wp","href":"https:\/\/api.w.org\/{rel}","templated":true}]}}