{"id":22,"date":"2025-07-06T09:36:35","date_gmt":"2025-07-06T09:36:35","guid":{"rendered":"https:\/\/relaunch.altstadt-apotheke-kiel.de\/?page_id=22"},"modified":"2025-07-06T09:36:35","modified_gmt":"2025-07-06T09:36:35","slug":"ihre-apotheke-in-kiel-2","status":"publish","type":"page","link":"https:\/\/relaunch.altstadt-apotheke-kiel.de\/?page_id=22","title":{"rendered":"pro Natur"},"content":{"rendered":"\n<figure class=\"wp-block-image\"><img loading=\"lazy\" decoding=\"async\" width=\"994\" height=\"183\" src=\"https:\/\/relaunch.altstadt-apotheke-kiel.de\/wp-content\/uploads\/2025\/07\/start.jpg\" alt=\"\" class=\"wp-image-13\" srcset=\"https:\/\/relaunch.altstadt-apotheke-kiel.de\/wp-content\/uploads\/2025\/07\/start.jpg 994w, https:\/\/relaunch.altstadt-apotheke-kiel.de\/wp-content\/uploads\/2025\/07\/start-300x55.jpg 300w, https:\/\/relaunch.altstadt-apotheke-kiel.de\/wp-content\/uploads\/2025\/07\/start-768x141.jpg 768w, https:\/\/relaunch.altstadt-apotheke-kiel.de\/wp-content\/uploads\/2025\/07\/start-230x42.jpg 230w, https:\/\/relaunch.altstadt-apotheke-kiel.de\/wp-content\/uploads\/2025\/07\/start-350x64.jpg 350w, https:\/\/relaunch.altstadt-apotheke-kiel.de\/wp-content\/uploads\/2025\/07\/start-480x88.jpg 480w\" sizes=\"auto, (max-width: 994px) 100vw, 994px\" \/><\/figure>\n\n\n\n<p>Sie sch\u00e4tzen Pflegeprodukte auf Basis nat\u00fcrlicher Inhaltsstoffe &#8211; frei von umstrittenen Zus\u00e4tzen ? Wir auch!<\/p>\n\n\n\n<p>F\u00fcr die Anbieter reiner Natur- und Phytokosmetik haben wir eigens einen Bereich &#8218; <em>pro<\/em> Natur &#8218; eingerichtet.<\/p>\n\n\n\n<p>Beginnend bei dem Thema Reinigung bieten wir Ihnen ein breites Sortiment an &#8218; Aleppo Seifen &#8218;&nbsp;an &#8211;&nbsp;eine Seife deren Hauptbestandteil das Oliven\u00f6l ist.&nbsp;Durch eine Beimengung&nbsp;an Lorbeer\u00f6l kann sie auch f\u00fcr die unterst\u00fctzende Behandlung bei z.B. Akne angewendet werden.<\/p>\n\n\n\n<figure class=\"wp-block-image\"><img loading=\"lazy\" decoding=\"async\" width=\"1280\" height=\"851\" src=\"https:\/\/relaunch.altstadt-apotheke-kiel.de\/wp-content\/uploads\/2025\/07\/pronatur.jpg\" alt=\"\" class=\"wp-image-23\" srcset=\"https:\/\/relaunch.altstadt-apotheke-kiel.de\/wp-content\/uploads\/2025\/07\/pronatur.jpg 1280w, https:\/\/relaunch.altstadt-apotheke-kiel.de\/wp-content\/uploads\/2025\/07\/pronatur-300x199.jpg 300w, https:\/\/relaunch.altstadt-apotheke-kiel.de\/wp-content\/uploads\/2025\/07\/pronatur-1024x681.jpg 1024w, https:\/\/relaunch.altstadt-apotheke-kiel.de\/wp-content\/uploads\/2025\/07\/pronatur-768x511.jpg 768w, https:\/\/relaunch.altstadt-apotheke-kiel.de\/wp-content\/uploads\/2025\/07\/pronatur-1000x665.jpg 1000w, https:\/\/relaunch.altstadt-apotheke-kiel.de\/wp-content\/uploads\/2025\/07\/pronatur-230x153.jpg 230w, https:\/\/relaunch.altstadt-apotheke-kiel.de\/wp-content\/uploads\/2025\/07\/pronatur-350x233.jpg 350w, https:\/\/relaunch.altstadt-apotheke-kiel.de\/wp-content\/uploads\/2025\/07\/pronatur-480x319.jpg 480w\" sizes=\"auto, (max-width: 1280px) 100vw, 1280px\" \/><\/figure>\n\n\n\n<p>Neben den hochwertigen Seifen aus dem Hause &#8218; KLAR &#8218; f\u00fchren wir auch die reinen Naturseifen von &#8218; Silvia Seifen &#8218; &#8211; einer kleinen Seifenmanufaktur aus&nbsp;St. Wendel&nbsp;welche in Handarbeit hergestellte feste Seifen ohne Verwendung von Palm\u00f6l anbietet &#8211; liebevoll verpackt, ein Genu\u00df &#8211; auch zum Verschenken !<\/p>\n\n\n\n<p>W\u00fcnschen Sie f\u00fcr Ihre Lippenpflege ein Produkt aus n\u00e4t\u00fcrlichen Inhaltsstoffen und einen Hersteller der sich im Umweltschutz engagiert ? Mit den Lippen- und Lippenpflegestiften von &#8218; Burt&#8217;s Bees &#8218; haben Sie bei uns eine gro\u00dfe Auswahl an Farben und Geschmacksrichtungen .<\/p>\n\n\n\n<p>Einen ganzheitlichen Ansatz im Bereich der Naturkosmetik bietet die Pflegeserie &#8218; LUVOS Heilerde &#8218; . Die aus eiszeitlichem L\u00f6ss in Deutschland gewonnene Heilerde bindet S\u00e4uren und sch\u00e4dliche Stoffe. &#8218; LUVOS &#8218; entwickelt Produkte sowohl zur inneren als auch zur \u00e4usseren Anwendung, z.B. bei Akne &#8211; wir beraten Sie gern!<\/p>\n\n\n\n<p>Einen ebenfalls ganzheitlichen Therapie- und Pflegeansatz verfolgt die basische Naturkosmetik aus dem Hause &#8218; Michael Droste Laux &#8218; . Entgiftung und Entschlackung \u00fcber Basenb\u00e4der, Basentees sowie die dazu geh\u00f6rige kosmetische Pflegeserie mit ihren hochwertigen Mineralien wirken ganzheitlich auf eine Verbesserung des Hautbildes ein.<\/p>\n\n\n\n<p><\/p>\n","protected":false},"excerpt":{"rendered":"<p>Sie sch\u00e4tzen Pflegeprodukte auf Basis nat\u00fcrlicher Inhaltsstoffe &#8211; frei von umstrittenen Zus\u00e4tzen ? Wir auch! F\u00fcr die Anbieter reiner Natur- und Phytokosmetik [&hellip;]<\/p>\n","protected":false},"author":1,"featured_media":0,"parent":0,"menu_order":0,"comment_status":"closed","ping_status":"closed","template":"","meta":{"footnotes":""},"class_list":["post-22","page","type-page","status-publish","hentry"],"yoast_head":"<!-- This site is optimized with the Yoast SEO plugin v25.4 - https:\/\/yoast.com\/wordpress\/plugins\/seo\/ -->\n<title>pro Natur - Altstadt Apotheke Kiel<\/title>\n<meta name=\"robots\" content=\"index, follow, max-snippet:-1, max-image-preview:large, max-video-preview:-1\" \/>\n<link rel=\"canonical\" href=\"https:\/\/relaunch.altstadt-apotheke-kiel.de\/?page_id=22\" \/>\n<meta property=\"og:locale\" content=\"de_DE\" \/>\n<meta property=\"og:type\" content=\"article\" \/>\n<meta property=\"og:title\" content=\"pro Natur - Altstadt Apotheke Kiel\" \/>\n<meta property=\"og:description\" content=\"Sie sch\u00e4tzen Pflegeprodukte auf Basis nat\u00fcrlicher Inhaltsstoffe &#8211; frei von umstrittenen Zus\u00e4tzen ? Wir auch! F\u00fcr die Anbieter reiner Natur- und Phytokosmetik [&hellip;]\" \/>\n<meta property=\"og:url\" content=\"https:\/\/relaunch.altstadt-apotheke-kiel.de\/?page_id=22\" \/>\n<meta property=\"og:site_name\" content=\"Altstadt Apotheke Kiel\" \/>\n<meta property=\"og:image\" content=\"https:\/\/relaunch.altstadt-apotheke-kiel.de\/wp-content\/uploads\/2025\/07\/start.jpg\" \/>\n\t<meta property=\"og:image:width\" content=\"994\" \/>\n\t<meta property=\"og:image:height\" content=\"183\" \/>\n\t<meta property=\"og:image:type\" content=\"image\/jpeg\" \/>\n<meta name=\"twitter:card\" content=\"summary_large_image\" \/>\n<meta name=\"twitter:label1\" content=\"Gesch\u00e4tzte Lesezeit\" \/>\n\t<meta name=\"twitter:data1\" content=\"2\u00a0Minuten\" \/>\n<script type=\"application\/ld+json\" class=\"yoast-schema-graph\">{\"@context\":\"https:\/\/schema.org\",\"@graph\":[{\"@type\":\"WebPage\",\"@id\":\"https:\/\/relaunch.altstadt-apotheke-kiel.de\/?page_id=22\",\"url\":\"https:\/\/relaunch.altstadt-apotheke-kiel.de\/?page_id=22\",\"name\":\"pro Natur - Altstadt Apotheke Kiel\",\"isPartOf\":{\"@id\":\"https:\/\/relaunch.altstadt-apotheke-kiel.de\/#website\"},\"primaryImageOfPage\":{\"@id\":\"https:\/\/relaunch.altstadt-apotheke-kiel.de\/?page_id=22#primaryimage\"},\"image\":{\"@id\":\"https:\/\/relaunch.altstadt-apotheke-kiel.de\/?page_id=22#primaryimage\"},\"thumbnailUrl\":\"https:\/\/relaunch.altstadt-apotheke-kiel.de\/wp-content\/uploads\/2025\/07\/start.jpg\",\"datePublished\":\"2025-07-06T09:36:35+00:00\",\"breadcrumb\":{\"@id\":\"https:\/\/relaunch.altstadt-apotheke-kiel.de\/?page_id=22#breadcrumb\"},\"inLanguage\":\"de\",\"potentialAction\":[{\"@type\":\"ReadAction\",\"target\":[\"https:\/\/relaunch.altstadt-apotheke-kiel.de\/?page_id=22\"]}]},{\"@type\":\"ImageObject\",\"inLanguage\":\"de\",\"@id\":\"https:\/\/relaunch.altstadt-apotheke-kiel.de\/?page_id=22#primaryimage\",\"url\":\"https:\/\/relaunch.altstadt-apotheke-kiel.de\/wp-content\/uploads\/2025\/07\/start.jpg\",\"contentUrl\":\"https:\/\/relaunch.altstadt-apotheke-kiel.de\/wp-content\/uploads\/2025\/07\/start.jpg\",\"width\":994,\"height\":183},{\"@type\":\"BreadcrumbList\",\"@id\":\"https:\/\/relaunch.altstadt-apotheke-kiel.de\/?page_id=22#breadcrumb\",\"itemListElement\":[{\"@type\":\"ListItem\",\"position\":1,\"name\":\"Startseite\",\"item\":\"https:\/\/relaunch.altstadt-apotheke-kiel.de\/\"},{\"@type\":\"ListItem\",\"position\":2,\"name\":\"pro Natur\"}]},{\"@type\":\"WebSite\",\"@id\":\"https:\/\/relaunch.altstadt-apotheke-kiel.de\/#website\",\"url\":\"https:\/\/relaunch.altstadt-apotheke-kiel.de\/\",\"name\":\"Altstadt Apotheke Kiel\",\"description\":\"\",\"potentialAction\":[{\"@type\":\"SearchAction\",\"target\":{\"@type\":\"EntryPoint\",\"urlTemplate\":\"https:\/\/relaunch.altstadt-apotheke-kiel.de\/?s={search_term_string}\"},\"query-input\":{\"@type\":\"PropertyValueSpecification\",\"valueRequired\":true,\"valueName\":\"search_term_string\"}}],\"inLanguage\":\"de\"}]}<\/script>\n<!-- \/ Yoast SEO plugin. -->","yoast_head_json":{"title":"pro Natur - Altstadt Apotheke Kiel","robots":{"index":"index","follow":"follow","max-snippet":"max-snippet:-1","max-image-preview":"max-image-preview:large","max-video-preview":"max-video-preview:-1"},"canonical":"https:\/\/relaunch.altstadt-apotheke-kiel.de\/?page_id=22","og_locale":"de_DE","og_type":"article","og_title":"pro Natur - Altstadt Apotheke Kiel","og_description":"Sie sch\u00e4tzen Pflegeprodukte auf Basis nat\u00fcrlicher Inhaltsstoffe &#8211; frei von umstrittenen Zus\u00e4tzen ? Wir auch! F\u00fcr die Anbieter reiner Natur- und Phytokosmetik [&hellip;]","og_url":"https:\/\/relaunch.altstadt-apotheke-kiel.de\/?page_id=22","og_site_name":"Altstadt Apotheke Kiel","og_image":[{"width":994,"height":183,"url":"https:\/\/relaunch.altstadt-apotheke-kiel.de\/wp-content\/uploads\/2025\/07\/start.jpg","type":"image\/jpeg"}],"twitter_card":"summary_large_image","twitter_misc":{"Gesch\u00e4tzte Lesezeit":"2\u00a0Minuten"},"schema":{"@context":"https:\/\/schema.org","@graph":[{"@type":"WebPage","@id":"https:\/\/relaunch.altstadt-apotheke-kiel.de\/?page_id=22","url":"https:\/\/relaunch.altstadt-apotheke-kiel.de\/?page_id=22","name":"pro Natur - Altstadt Apotheke Kiel","isPartOf":{"@id":"https:\/\/relaunch.altstadt-apotheke-kiel.de\/#website"},"primaryImageOfPage":{"@id":"https:\/\/relaunch.altstadt-apotheke-kiel.de\/?page_id=22#primaryimage"},"image":{"@id":"https:\/\/relaunch.altstadt-apotheke-kiel.de\/?page_id=22#primaryimage"},"thumbnailUrl":"https:\/\/relaunch.altstadt-apotheke-kiel.de\/wp-content\/uploads\/2025\/07\/start.jpg","datePublished":"2025-07-06T09:36:35+00:00","breadcrumb":{"@id":"https:\/\/relaunch.altstadt-apotheke-kiel.de\/?page_id=22#breadcrumb"},"inLanguage":"de","potentialAction":[{"@type":"ReadAction","target":["https:\/\/relaunch.altstadt-apotheke-kiel.de\/?page_id=22"]}]},{"@type":"ImageObject","inLanguage":"de","@id":"https:\/\/relaunch.altstadt-apotheke-kiel.de\/?page_id=22#primaryimage","url":"https:\/\/relaunch.altstadt-apotheke-kiel.de\/wp-content\/uploads\/2025\/07\/start.jpg","contentUrl":"https:\/\/relaunch.altstadt-apotheke-kiel.de\/wp-content\/uploads\/2025\/07\/start.jpg","width":994,"height":183},{"@type":"BreadcrumbList","@id":"https:\/\/relaunch.altstadt-apotheke-kiel.de\/?page_id=22#breadcrumb","itemListElement":[{"@type":"ListItem","position":1,"name":"Startseite","item":"https:\/\/relaunch.altstadt-apotheke-kiel.de\/"},{"@type":"ListItem","position":2,"name":"pro Natur"}]},{"@type":"WebSite","@id":"https:\/\/relaunch.altstadt-apotheke-kiel.de\/#website","url":"https:\/\/relaunch.altstadt-apotheke-kiel.de\/","name":"Altstadt Apotheke Kiel","description":"","potentialAction":[{"@type":"SearchAction","target":{"@type":"EntryPoint","urlTemplate":"https:\/\/relaunch.altstadt-apotheke-kiel.de\/?s={search_term_string}"},"query-input":{"@type":"PropertyValueSpecification","valueRequired":true,"valueName":"search_term_string"}}],"inLanguage":"de"}]}},"_links":{"self":[{"href":"https:\/\/relaunch.altstadt-apotheke-kiel.de\/index.php?rest_route=\/wp\/v2\/pages\/22","targetHints":{"allow":["GET"]}}],"collection":[{"href":"https:\/\/relaunch.altstadt-apotheke-kiel.de\/index.php?rest_route=\/wp\/v2\/pages"}],"about":[{"href":"https:\/\/relaunch.altstadt-apotheke-kiel.de\/index.php?rest_route=\/wp\/v2\/types\/page"}],"author":[{"embeddable":true,"href":"https:\/\/relaunch.altstadt-apotheke-kiel.de\/index.php?rest_route=\/wp\/v2\/users\/1"}],"replies":[{"embeddable":true,"href":"https:\/\/relaunch.altstadt-apotheke-kiel.de\/index.php?rest_route=%2Fwp%2Fv2%2Fcomments&post=22"}],"version-history":[{"count":1,"href":"https:\/\/relaunch.altstadt-apotheke-kiel.de\/index.php?rest_route=\/wp\/v2\/pages\/22\/revisions"}],"predecessor-version":[{"id":24,"href":"https:\/\/relaunch.altstadt-apotheke-kiel.de\/index.php?rest_route=\/wp\/v2\/pages\/22\/revisions\/24"}],"wp:attachment":[{"href":"https:\/\/relaunch.altstadt-apotheke-kiel.de\/index.php?rest_route=%2Fwp%2Fv2%2Fmedia&parent=22"}],"curies":[{"name":"wp","href":"https:\/\/api.w.org\/{rel}","templated":true}]}}